{"id":4468,"date":"2021-11-05T18:13:51","date_gmt":"2021-11-05T17:13:51","guid":{"rendered":"http:\/\/localhost:8888\/mediterranea\/?page_id=4468"},"modified":"2021-11-05T18:14:35","modified_gmt":"2021-11-05T17:14:35","slug":"gdpr-policy","status":"publish","type":"page","link":"https:\/\/www.mediterraneaagrumi.it\/?page_id=4468","title":{"rendered":"GDPR Policy"},"content":{"rendered":"<p class=\"font_8\"><span class=\"color_14\">Questo sito utilizza cookie, anche di terze parti, per migliorare la navigazione e raccogliere informazioni sull&#8217;utilizzo del sito.<\/span><\/p>\n<p class=\"font_8\"><span class=\"color_14\">Se vuoi saperne di pi\u00f9 o negare il consenso ad alcuni o tutti i cookie puoi visitare le pagine dedicate in questo sito. Chiudendo questo banner, scorrendo questa pagina o cliccando qualunque suo elemento acconsenti all&#8217;uso dei cookie. Visualizza l&#8217;informativa completa sulla privacy aggiornata gdpr 679\/2016 nella pagina dedicata in questo sito.<\/span><\/p>\n<p class=\"font_8\"><span class=\"color_14\">La presente privacy policy non si applica ai servizi forniti da terze parti, e questo sito non ha alcun controllo sui loro cookie, interamente gestiti dalle terze parti, e non ha alcun accesso alle informazioni raccolte tramite detti cookie. In conseguenza di ci\u00f2 le informazioni sull&#8217;uso dei cookie di terze parti, sulle finalit\u00e0 degli stessi, nonch\u00e9 sulle modalit\u00e0 per l&#8217;eventuale disabilitazione, sono fornite direttamente dalle terze parti alle pagine indicate di seguito. Generalmente il tracciamento degli utenti non comporta identificazione dello stesso, a meno che l&#8217;Utente non sia gi\u00e0 iscritto al servizio e non sia anche gi\u00e0 loggato, nel qual caso si intende che l&#8217;Utente ha gi\u00e0 espresso il suo consenso direttamente alla terza parte al momento dell&#8217;iscrizione al relativo servizio (es. Facebook).<\/span><\/p>\n<p class=\"font_8\"><span class=\"color_14\">In particolare il presente sito utilizza cookie delle seguenti terze parti<\/span><\/p>\n<p class=\"font_8\"><span class=\"color_14\"><span class=\"wixGuard\">\u200b<\/span><\/span><\/p>\n<p class=\"font_8\"><span class=\"color_14\">Google Analytics: strumento di analisi web utilizzato al fine di consentirci di esaminare l&#8217;uso del sito da parte degli utenti, compilare report sulle attivit\u00e0 del sito e il comportamento degli utenti, verificare quanto spesso gli utenti visitano il sito, come il sito viene rintracciato e quali pagine sono visitate pi\u00f9\u00a0frequentemente. Le informazioni sono combinate da Google con informazioni raccolte da altri siti al fine di creare un quadro comparativo dell&#8217;uso del sito rispetto ad altri siti della medesima categoria. Dati raccolti: identificativo del browser, data e orario di interazione col sito, pagina di provenienza, IP. Luogo di trattamento dei dati: USA. I dati raccolti non consentono l&#8217;identificazione personale degli utenti, e non sono incrociati con altre informazioni relative alla stessa persona. Sono trattati in forma aggregata e anonimizzati (troncati all&#8217;ultimo ottetto). In base ad apposito accordo \u00cb vietato a Google Inc. l&#8217;incrocio di tali dati con quelli ricavati da altri servizi. Per maggiori informazioni sui cookie inviati tramite Google Analytics:\u00a0<a href=\"https:\/\/www.google.com\/analytics\/learn\/privacy.html.\" target=\"_blank\" rel=\"noopener\" data-auto-recognition=\"true\">https:\/\/www.google.com\/analytics\/learn\/privacy.html.<\/a>\u00a0L&#8217;utente pu\u00f2 disabilitare Google Analytics installando sul proprio browser un componente aggiuntivo fornito da Google Inc.:\u00a0<a href=\"https:\/\/tools.google.com\/dlpage\/gaoptout\" target=\"_blank\" rel=\"noopener\" data-auto-recognition=\"true\">https:\/\/tools.google.com\/dlpage\/gaoptout<\/a><\/span><\/p>\n<p class=\"font_8\"><span class=\"color_14\"><span class=\"wixGuard\">\u200b<\/span><\/span><\/p>\n<p class=\"font_8\"><span class=\"color_14\">PayPal fa uso di cookie per consentire l&#8217;esecuzione corretta dei pagamenti. Imposta cookie al momento dell&#8217;accesso al modulo di pagamento al fine di: sviluppare le transazioni e fornire i Servizi PayPal; accertare l&#8217;identit\u00e0 dell&#8217;Utente, anche per la creazione del conto e reimpostazione della password; risolvere reclami, riscuotere tariffe e risolvere problemi; gestire i rischi o individuare frodi o ad altre attivit\u00e0 potenzialmente illegali o proibite; nonch\u00e9 le violazioni delle regole o dei relativi accordi con gli utenti; fornire all&#8217;Utente i servizi di assistenza clienti; migliorare i Servizi PayPal personalizzando l&#8217;esperienza d&#8217;uso dell&#8217;Utente; calibrare le prestazioni dei Servizi PayPal e migliorarne i contenuti e layout; monitorare e gestire le proprie infrastrutture informatiche; inviare comunicazioni di marketing e pubblicit\u00e0 mirate, fornire aggiornamenti del servizio e offerte promozionali in base alle preferenze di comunicazione definite nel conto PayPal e alle attivit\u00e0 dell&#8217;Utente durante l&#8217;uso dei Servizi PayPal; verificare la solvibilit\u00e0\u2021, confrontare i dati per stabilirne l&#8217;accuratezza, nonch\u00e9 verificarli con terzi. Dati raccolti: comportamento degli utenti, indirizzo IP, dati del browser, dati del dispositivo, dati di localizzazione, sistema operativo, provider, data e ora, nome e cognome, numero carta di credito e\/o conto corrente; indirizzo mail. Luogo di trattamento dei dati: USA. Per ulteriori informazioni sull&#8217;uso e le finalit\u00e0 dei cookie da parte di PayPal si raccomanda di prendere visione delle informazioni al seguente indirizzo web:\u00a0<a href=\"https:\/\/www.paypal.com\/it\/webapps\/mpp\/ua\/privacy-full.\" target=\"_blank\" rel=\"noopener\" data-auto-recognition=\"true\">https:\/\/www.paypal.com\/it\/webapps\/mpp\/ua\/privacy-full.<\/a>\u00a0La disabilitazione dei cookie di paypal pu\u00f2 comportare l&#8217;impossibilit\u00e0 di processare i pagamenti e quindi di erogare i servizi.<\/span><\/p>\n<p class=\"font_8\"><span class=\"color_14\"><span class=\"wixGuard\">\u200b<\/span><\/span><\/p>\n<p class=\"font_8\"><span class=\"color_14\">6.1\u00a0Consenso per l&#8217;uso dei cookie<br \/>\nUtilizzando il sito, continuando la navigazione del sito l&#8217;utente\/visitatore acconsente espressamente all&#8217;uso dei cookie e in particolare alla registrazione di tali cookie sul suo terminale per le finalit\u00e0 sopra indicate, oppure all&#8217;accesso tramite i cookie ad informazioni sul suo terminale.<\/span><\/p>\n<p class=\"font_8\"><span class=\"color_14\"><span class=\"wixGuard\">\u200b<\/span><\/span><\/p>\n<p class=\"font_8\"><span class=\"color_14\">6.2 Rifiuto o revoca del consenso ai cookie<br \/>\nL&#8217;utente\/visitatore pu\u00f2 rifiutare l&#8217;utilizzo dei cookie e in qualsiasi momento pu\u00f2 revocare un consenso gi\u00e0 fornito.<\/span><\/p>\n<p class=\"font_8\"><span class=\"color_14\">Poich\u00e8 i cookie sono collegati al browser utilizzato,\u00a0POSSONO ESSERE DISABILITATI DIRETTAMENTE DAL BROWSER, cos\u00ec rifiutando\/revocando il consenso all&#8217;uso dei cookie usando le specifiche procedure previste da ciascun browser:<\/span><\/p>\n<p class=\"font_8\"><span class=\"color_14\">\u00a0<\/span><\/p>\n<ul class=\"font_8 color_14\">\n<li>\n<p class=\"font_8\"><span class=\"color_14\">Google Chrome:\u00a0<a href=\"https:\/\/support.google.com\/chrome\/answer\/95647\" target=\"_blank\" rel=\"noopener\" data-auto-recognition=\"true\">https:\/\/support.google.com\/chrome\/answer\/95647<\/a><\/span><\/p>\n<\/li>\n<li>\n<p class=\"font_8\"><span class=\"color_14\">Mozilla Firefox:\u00a0<a href=\"http:\/\/support.mozilla.org\/it\/kb\/Attivareedisattivareicookie\" target=\"_blank\" rel=\"noopener\" data-auto-recognition=\"true\">http:\/\/support.mozilla.org\/it\/kb\/Attivareedisattivareicookie<\/a><\/span><\/p>\n<\/li>\n<li>\n<p class=\"font_8\"><span class=\"color_14\">Safari:\u00a0<a href=\"https:\/\/support.apple.com\/it-it\/HT201265\" target=\"_blank\" rel=\"noopener\" data-auto-recognition=\"true\">https:\/\/support.apple.com\/it-it\/HT201265<\/a><\/span><\/p>\n<\/li>\n<li>\n<p class=\"font_8\"><span class=\"color_14\">Opera:\u00a0<a href=\"http:\/\/help.opera.com\/Windows\/10.00\/it\/cookies.html\" target=\"_blank\" rel=\"noopener\" data-auto-recognition=\"true\">http:\/\/help.opera.com\/Windows\/10.00\/it\/cookies.html<\/a><\/span><\/p>\n<\/li>\n<li>\n<p class=\"font_8\"><span class=\"color_14\">IE:\u00a0<a href=\"http:\/\/windows.microsoft.com\/it-it\/internet-explorer\/delete-manage-cookies#ie=ie-11\" target=\"_blank\" rel=\"noopener\" data-auto-recognition=\"true\">http:\/\/windows.microsoft.com\/it-it\/internet-explorer\/delete-manage-cookies#ie=ie-11<\/a><\/span><\/p>\n<\/li>\n<\/ul>\n<p class=\"font_8\"><span class=\"color_14\">LA DISABILITAZIONE DEI COOKIE POTREBBE IMPEDIRE IL CORRETTO UTILIZZO DI ALCUNE FUNZIONI DEL SITO STESSO, in particolare i servizi forniti da terze parti potrebbero non essere accessibili, e quindi potrebbero non essere visualizzabili.<\/span><\/p>\n<p class=\"font_8\"><span class=\"color_14\">I cookie per le preferenze consentono a un sito web di ricordare le informazioni che influenzano il modo in cui il sito si comporta o si presenta, come la lingua preferita o la regione che ti trovi<\/span><\/p>\n<p class=\"font_8\"><span class=\"color_14\">Permettono l&#8217;autorizzazione del cookie tra pi\u00f9 siti web e ricordano la versione linguistica selezionata dall&#8217;utente.<\/span><\/p>\n","protected":false},"excerpt":{"rendered":"<p>Questo sito utilizza cookie, anche di terze parti, per migliorare la navigazione e raccogliere informazioni sull&#8217;utilizzo del sito. Se vuoi saperne di pi\u00f9 o negare il consenso ad alcuni o tutti i cookie puoi visitare le pagine dedicate in questo sito. Chiudendo questo banner, scorrendo questa pagina o cliccando qualunque suo elemento acconsenti all&#8217;uso dei [&hellip;]<\/p>\n","protected":false},"author":1,"featured_media":0,"parent":0,"menu_order":0,"comment_status":"closed","ping_status":"closed","template":"","meta":{"site-sidebar-layout":"default","site-content-layout":"default","ast-site-content-layout":"default","site-content-style":"default","site-sidebar-style":"default","ast-global-header-display":"","ast-banner-title-visibility":"","ast-main-header-display":"","ast-hfb-above-header-display":"","ast-hfb-below-header-display":"","ast-hfb-mobile-header-display":"","site-post-title":"","ast-breadcrumbs-content":"","ast-featured-img":"","footer-sml-layout":"","ast-disable-related-posts":"","theme-transparent-header-meta":"default","adv-header-id-meta":"","stick-header-meta":"","header-above-stick-meta":"","header-main-stick-meta":"","header-below-stick-meta":"","astra-migrate-meta-layouts":"default","ast-page-background-enabled":"default","ast-page-background-meta":{"desktop":{"background-color":"","background-image":"","background-repeat":"repeat","background-position":"center center","background-size":"auto","background-attachment":"scroll","background-type":"","background-media":"","overlay-type":"","overlay-color":"","overlay-opacity":"","overlay-gradient":""},"tablet":{"background-color":"","background-image":"","background-repeat":"repeat","background-position":"center center","background-size":"auto","background-attachment":"scroll","background-type":"","background-media":"","overlay-type":"","overlay-color":"","overlay-opacity":"","overlay-gradient":""},"mobile":{"background-color":"","background-image":"","background-repeat":"repeat","background-position":"center center","background-size":"auto","background-attachment":"scroll","background-type":"","background-media":"","overlay-type":"","overlay-color":"","overlay-opacity":"","overlay-gradient":""}},"ast-content-background-meta":{"desktop":{"background-color":"var(--ast-global-color-5)","background-image":"","background-repeat":"repeat","background-position":"center center","background-size":"auto","background-attachment":"scroll","background-type":"","background-media":"","overlay-type":"","overlay-color":"","overlay-opacity":"","overlay-gradient":""},"tablet":{"background-color":"var(--ast-global-color-5)","background-image":"","background-repeat":"repeat","background-position":"center center","background-size":"auto","background-attachment":"scroll","background-type":"","background-media":"","overlay-type":"","overlay-color":"","overlay-opacity":"","overlay-gradient":""},"mobile":{"background-color":"var(--ast-global-color-5)","background-image":"","background-repeat":"repeat","background-position":"center center","background-size":"auto","background-attachment":"scroll","background-type":"","background-media":"","overlay-type":"","overlay-color":"","overlay-opacity":"","overlay-gradient":""}},"footnotes":""},"class_list":["post-4468","page","type-page","status-publish","hentry"],"_links":{"self":[{"href":"https:\/\/www.mediterraneaagrumi.it\/index.php?rest_route=\/wp\/v2\/pages\/4468","targetHints":{"allow":["GET"]}}],"collection":[{"href":"https:\/\/www.mediterraneaagrumi.it\/index.php?rest_route=\/wp\/v2\/pages"}],"about":[{"href":"https:\/\/www.mediterraneaagrumi.it\/index.php?rest_route=\/wp\/v2\/types\/page"}],"author":[{"embeddable":true,"href":"https:\/\/www.mediterraneaagrumi.it\/index.php?rest_route=\/wp\/v2\/users\/1"}],"replies":[{"embeddable":true,"href":"https:\/\/www.mediterraneaagrumi.it\/index.php?rest_route=%2Fwp%2Fv2%2Fcomments&post=4468"}],"version-history":[{"count":2,"href":"https:\/\/www.mediterraneaagrumi.it\/index.php?rest_route=\/wp\/v2\/pages\/4468\/revisions"}],"predecessor-version":[{"id":4470,"href":"https:\/\/www.mediterraneaagrumi.it\/index.php?rest_route=\/wp\/v2\/pages\/4468\/revisions\/4470"}],"wp:attachment":[{"href":"https:\/\/www.mediterraneaagrumi.it\/index.php?rest_route=%2Fwp%2Fv2%2Fmedia&parent=4468"}],"curies":[{"name":"wp","href":"https:\/\/api.w.org\/{rel}","templated":true}]}}